{"id":2,"date":"2025-06-26T08:52:18","date_gmt":"2025-06-26T06:52:18","guid":{"rendered":"http:\/\/oddechemwzmacniajzdrowie.pl\/?page_id=2"},"modified":"2025-08-04T06:22:27","modified_gmt":"2025-08-04T04:22:27","slug":"oferta","status":"publish","type":"page","link":"https:\/\/oddechemwzmacniajzdrowie.pl\/index.php\/oferta\/","title":{"rendered":"Oferta"},"content":{"rendered":"\n<p>Niezale\u017cnie czego szukasz, mam rozwi\u0105zanie dla Ciebie. Jeste\u015b sam lub sama, z grup\u0105 czy mo\u017ce reprezentujesz swoj\u0105 firm\u0119 i chcesz zorganizowa\u0107 co\u015b wyj\u0105tkowego dla swoich wsp\u00f3\u0142pracownik\u00f3w ? Mam rozwi\u0105zanie idealne dla Ciebie! <\/p>\n\n\n\n<blockquote class=\"wp-block-quote is-layout-flow wp-block-quote-is-layout-flow\">\n<p>Tomasz przyci\u0105gn\u0105\u0142 mnie swoimi postami w zakresie oddechu. Zw\u0142aszcza metod\u0105 doktora Butejko.<\/p>\n\n\n\n<p>I tak zaciekawiona czyta\u0142am i obserwowa\u0142am jego publikacje.<\/p>\n\n\n\n<p>Spotkali\u015bmy si\u0119 na sesji oddechowej 1:1<\/p>\n\n\n\n<p>I wtedy, wyja\u015bni\u0142 na czym dok\u0142adnie polega swobodne oddychanie. Da\u0142 \u015bwietne przyk\u0142ady. Krok po kroku wprowadzi\u0142 w przestrze\u0144 zdrowego oddechu.<\/p>\n\n\n\n<p>Nie zdradz\u0119 wszystkich tajemnic, bo polecam spr\u00f3bowa\u0107 takiej oddechowej z Tomaszem sesji. Tomasz jest trenerem oddechu. Pomaga w oddychaniu funkcjonalnym. Jest zwolennikiem \u015bwiadomego oddechu, kt\u00f3ry wzmacnia zdrowie.<\/p>\n\n\n\n<p>Polecam sesje oddechowe z Tomaszem<\/p>\n\n\n\n<p><strong>Iwona<\/strong><\/p>\n<\/blockquote>\n\n\n\n<p><\/p>\n\n\n\n<p><\/p>\n\n\n\n<blockquote class=\"wp-block-quote is-layout-flow wp-block-quote-is-layout-flow\">\n<p>If you think that you know how to breathe then think again!<br><br>Tomasz pokazal mi jak poprawic moj oddech przez co poprawil sie moj sen i moje zdrowie. Ma ogromna wiedze na temat oddechu i przekazuje ja w bardzo profesjonalny sposob.<br><br>Polecam 100%<\/p>\n\n\n\n<p><strong>Artur<\/strong><\/p>\n<\/blockquote>\n\n\n\n<figure class=\"wp-block-image size-large is-resized\"><img loading=\"lazy\" decoding=\"async\" width=\"819\" height=\"1024\" src=\"http:\/\/oddechemwzmacniajzdrowie.pl\/wp-content\/uploads\/2025\/06\/Tomasz_Zalewski_maly_format-5-1-819x1024.jpg\" alt=\"\" class=\"wp-image-10\" style=\"width:454px;height:auto\" srcset=\"https:\/\/oddechemwzmacniajzdrowie.pl\/wp-content\/uploads\/2025\/06\/Tomasz_Zalewski_maly_format-5-1-819x1024.jpg 819w, https:\/\/oddechemwzmacniajzdrowie.pl\/wp-content\/uploads\/2025\/06\/Tomasz_Zalewski_maly_format-5-1-240x300.jpg 240w, https:\/\/oddechemwzmacniajzdrowie.pl\/wp-content\/uploads\/2025\/06\/Tomasz_Zalewski_maly_format-5-1-768x960.jpg 768w, https:\/\/oddechemwzmacniajzdrowie.pl\/wp-content\/uploads\/2025\/06\/Tomasz_Zalewski_maly_format-5-1-1229x1536.jpg 1229w, https:\/\/oddechemwzmacniajzdrowie.pl\/wp-content\/uploads\/2025\/06\/Tomasz_Zalewski_maly_format-5-1.jpg 1638w\" sizes=\"auto, (max-width: 819px) 100vw, 819px\" \/><\/figure>\n\n\n\n<p><\/p>\n\n\n\n<h2 class=\"wp-block-heading\"><strong>Oferta<\/strong><\/h2>\n\n\n\n<p><strong>Kon\u00adsul\u00adta\u00adcja indy\u00adwi\u00addu\u00adalne \u2013 zaj\u0119\u00adcia 1:1 (ide\u00adalna na pre\u00adzent!)&nbsp;<\/strong><\/p>\n\n\n\n<p>Odkryj moc swo\u00adjego odde\u00adchu pod\u00adczas indy\u00adwi\u00addu\u00adalnej sesji z&nbsp;tre\u00adne\u00adrem wg metody Butejko!<\/p>\n\n\n\n<p>Sesje 1:1 to sper\u00adso\u00adna\u00adli\u00adzo\u00adwane zaj\u0119\u00adcia dosto\u00adso\u00adwane dok\u0142ad\u00adnie pod Cie\u00adbie. Tech\u00adniki, kt\u00f3\u00adrych si\u0119 nauczysz, pomog\u0105 Ci popra\u00adwi\u0107 zdro\u00adwie, redu\u00adko\u00adwa\u0107 odczu\u00adwal\u00adnie stresu, a&nbsp;tak\u017ce zwi\u0119k\u00adszy\u0107 ener\u00adgi\u0119 i&nbsp;kon\u00adcen\u00adtra\u00adcj\u0119 w&nbsp;cza\u00adsie dnia. Poszu\u00adkamy razem Two\u00adjego wzorca odde\u00adcho\u00adwego, a&nbsp;Ty ju\u017c w&nbsp;cza\u00adsie pierw\u00adszych \u0107wi\u00adcze\u0144 poczu\u00adjesz znaczne polep\u00adsze\u00adnie samo\u00adpo\u00adczu\u00adcia. A&nbsp;po d\u0142u\u017c\u00adszej prak\u00adtyce pozb\u0119\u00addziesz si\u0119 tra\u00adpi\u0105\u00adcych Ci\u0119 dole\u00adgli\u00adwo\u00ad\u015bci.<\/p>\n\n\n\n<p>Poda\u00adruj sobie lub bli\u00adskiej oso\u00adbie ten wyj\u0105t\u00adkowy pre\u00adzent \u2013 zdro\u00adwie i&nbsp;har\u00admo\u00adni\u0119 w&nbsp;codzien\u00adnym \u017cyciu!<\/p>\n\n\n\n<p><\/p>\n\n\n\n<p><strong>Pakiet 4 spo\u00adtka\u0144 odde\u00adcho\u00adwych<\/strong><\/p>\n\n\n\n<p>Ten pakiet to trans\u00adfor\u00adma\u00adcyjna podr\u00f3\u017c odde\u00adchowa wed\u0142ug metody Butejko!<\/p>\n\n\n\n<p>Ten roz\u00adsze\u00adrzony pro\u00adgram to cykl indy\u00adwi\u00addu\u00adal\u00adnych sesji, kt\u00f3re pozwol\u0105 Ci sku\u00adtecz\u00adnie opa\u00adno\u00adwa\u0107 tech\u00adniki \u015bwia\u00addo\u00admego odde\u00adchu, popra\u00adwi\u0107 zdro\u00adwie, zredu\u00adko\u00adwa\u0107 odczu\u00adwany stres i&nbsp;znacz\u00adnie zwi\u0119k\u00adszy\u0107 wital\u00adno\u015b\u0107. Ka\u017cde spo\u00adtka\u00adnie jest dosto\u00adso\u00adwane do Two\u00adich aktu\u00adal\u00adnych potrzeb, zapew\u00adnia\u00adj\u0105c trwa\u0142e rezul\u00adtaty i&nbsp;daj\u0105c lep\u00adsze samo\u00adpo\u00adczu\u00adcie.<\/p>\n\n\n\n<p>To ide\u00adalny wyb\u00f3r dla tych, kt\u00f3\u00adrzy chc\u0105 bar\u00addziej holi\u00adstycz\u00adnie podej\u015b\u0107 do pracy z&nbsp;odde\u00adchem i&nbsp;wpro\u00adwa\u00addzi\u0107 har\u00admo\u00adni\u0119 do swo\u00adjego \u017cycia!<\/p>\n\n\n\n<p><\/p>\n\n\n\n<p><strong>Oferta GRUPOWA \u2013 \u015awietne roz\u00adwi\u0105\u00adza\u00adnie dla firm.&nbsp;<\/strong><\/p>\n\n\n\n<p>Wpro\u00adwad\u017a zdro\u00adwie i&nbsp;har\u00admo\u00adni\u0119 do swo\u00adjego zespo\u0142u dzi\u0119ki gru\u00adpo\u00adwym warsz\u00adta\u00adtom odde\u00adcho\u00adwym wed\u0142ug metody Butejko!<\/p>\n\n\n\n<p>To ide\u00adalne roz\u00adwi\u0105\u00adza\u00adnie dla firm, kt\u00f3re chc\u0105 zadba\u0107 o&nbsp;dobre samo\u00adpo\u00adczu\u00adcie pra\u00adcow\u00adni\u00adk\u00f3w. Poprzez tech\u00adniki \u015bwia\u00addo\u00admego odde\u00adchu i&nbsp;relaksu uczest\u00adnicy naucz\u0105 si\u0119 redu\u00adko\u00adwa\u0107 stres, zwi\u0119k\u00adsza\u0107 kon\u00adcen\u00adtra\u00adcj\u0119 i&nbsp;popra\u00adwia\u0107 wydaj\u00adno\u015b\u0107 wyko\u00adny\u00adwa\u00adnej pracy. Zapro\u00adjek\u00adto\u00adwane spe\u00adcjal\u00adnie z&nbsp;my\u015bl\u0105 o&nbsp;gru\u00adpach, warsz\u00adtaty wspie\u00adraj\u0105 inte\u00adgra\u00adcj\u0119 zespo\u0142u i&nbsp;buduj\u0105 korzystne nawyki.<\/p>\n\n\n\n<p>Naj\u00adlep\u00adsza inwe\u00adsty\u00adcja w&nbsp;zdrowe p\u0142uca i&nbsp;efek\u00adtyw\u00adno\u015b\u0107 Two\u00adjej firmy!<\/p>\n\n\n\n<p><\/p>\n","protected":false},"excerpt":{"rendered":"<p>Niezale\u017cnie czego szukasz, mam rozwi\u0105zanie dla Ciebie. Jeste\u015b sam lub sama, z grup\u0105 czy mo\u017ce reprezentujesz swoj\u0105 firm\u0119 i chcesz zorganizowa\u0107 co\u015b wyj\u0105tkowego dla swoich wsp\u00f3\u0142pracownik\u00f3w ? Mam rozwi\u0105zanie idealne dla Ciebie! Tomasz przyci\u0105gn\u0105\u0142 mnie swoimi postami w zakresie oddechu. Zw\u0142aszcza metod\u0105 doktora Butejko. I tak zaciekawiona czyta\u0142am i obserwowa\u0142am jego publikacje. Spotkali\u015bmy si\u0119 na [&hellip;]<\/p>\n","protected":false},"author":1,"featured_media":0,"parent":0,"menu_order":0,"comment_status":"closed","ping_status":"closed","template":"","meta":{"footnotes":""},"class_list":["post-2","page","type-page","status-publish","hentry"],"_links":{"self":[{"href":"https:\/\/oddechemwzmacniajzdrowie.pl\/index.php\/wp-json\/wp\/v2\/pages\/2","targetHints":{"allow":["GET"]}}],"collection":[{"href":"https:\/\/oddechemwzmacniajzdrowie.pl\/index.php\/wp-json\/wp\/v2\/pages"}],"about":[{"href":"https:\/\/oddechemwzmacniajzdrowie.pl\/index.php\/wp-json\/wp\/v2\/types\/page"}],"author":[{"embeddable":true,"href":"https:\/\/oddechemwzmacniajzdrowie.pl\/index.php\/wp-json\/wp\/v2\/users\/1"}],"replies":[{"embeddable":true,"href":"https:\/\/oddechemwzmacniajzdrowie.pl\/index.php\/wp-json\/wp\/v2\/comments?post=2"}],"version-history":[{"count":8,"href":"https:\/\/oddechemwzmacniajzdrowie.pl\/index.php\/wp-json\/wp\/v2\/pages\/2\/revisions"}],"predecessor-version":[{"id":80,"href":"https:\/\/oddechemwzmacniajzdrowie.pl\/index.php\/wp-json\/wp\/v2\/pages\/2\/revisions\/80"}],"wp:attachment":[{"href":"https:\/\/oddechemwzmacniajzdrowie.pl\/index.php\/wp-json\/wp\/v2\/media?parent=2"}],"curies":[{"name":"wp","href":"https:\/\/api.w.org\/{rel}","templated":true}]}}